{"id":9,"date":"2025-08-02T12:06:59","date_gmt":"2025-08-02T12:06:59","guid":{"rendered":"https:\/\/fundsandfilms.com\/proyectos\/"},"modified":"2025-08-05T07:25:16","modified_gmt":"2025-08-05T07:25:16","slug":"proyectos","status":"publish","type":"page","link":"https:\/\/fundsandfilms.com\/en\/proyectos\/","title":{"rendered":"Why do I distribute films?"},"content":{"rendered":"<p>Since my university days, I had many questions \u2013and frustrations\u2013 about how to make the short films and features made in my country more visible to the people living in our shared space and time\u2014especially to those of us who hadn\u2019t had the chance to discover films beyond the mainstream. <em>mainstream<\/em>.<\/p>\n\n\n\n<p>After deepening my studies in film circulation and conducting extensive research, I decided to take a leap into distribution and explore new paths for exhibition.<\/p>\n\n\n\n<p>That\u2019s how I began working with short films addressing social issues such as women\u2019s and LGBTQI+ rights\u2014 regardless of their premiere status.<\/p>\n\n\n\n<p>What mattered most to me was collaborating with people at the beginning of their careers and embracing the challenge of connecting with their work, understanding the themes they explored, and identifying which territories or communities might be experiencing similar realities.<\/p>\n\n\n\n<p>Here you\u2019ll find some of the projects I\u2019ve collaborated on.<\/p>\n\n\n\n<div class=\"wp-block-cover\"><img loading=\"lazy\" decoding=\"async\" width=\"2391\" height=\"1345\" class=\"wp-block-cover__image-background wp-image-165\" alt=\"\" src=\"https:\/\/fundsandfilms.com\/wp-content\/uploads\/2025\/08\/HABITAT_STILL_2.1.8-2-edited.png\" data-object-fit=\"cover\" srcset=\"https:\/\/fundsandfilms.com\/wp-content\/uploads\/2025\/08\/HABITAT_STILL_2.1.8-2-edited.png 2391w, https:\/\/fundsandfilms.com\/wp-content\/uploads\/2025\/08\/HABITAT_STILL_2.1.8-2-edited-300x169.png 300w, https:\/\/fundsandfilms.com\/wp-content\/uploads\/2025\/08\/HABITAT_STILL_2.1.8-2-edited-1024x576.png 1024w, https:\/\/fundsandfilms.com\/wp-content\/uploads\/2025\/08\/HABITAT_STILL_2.1.8-2-edited-768x432.png 768w, https:\/\/fundsandfilms.com\/wp-content\/uploads\/2025\/08\/HABITAT_STILL_2.1.8-2-edited-1536x864.png 1536w, https:\/\/fundsandfilms.com\/wp-content\/uploads\/2025\/08\/HABITAT_STILL_2.1.8-2-edited-2048x1152.png 2048w\" sizes=\"auto, (max-width: 2391px) 100vw, 2391px\" \/><span aria-hidden=\"true\" class=\"wp-block-cover__background has-background-dim\"><\/span><div class=\"wp-block-cover__inner-container is-layout-flow wp-block-cover-is-layout-flow\">\n<p class=\"has-text-align-center has-large-font-size\"><strong>Habitat<\/strong><\/p>\n\n\n\n<p class=\"has-text-align-center\">Mabel Aponte<\/p>\n<\/div><\/div>\n\n\n\n<div class=\"wp-block-cover\"><img loading=\"lazy\" decoding=\"async\" width=\"1822\" height=\"1025\" class=\"wp-block-cover__image-background wp-image-167\" alt=\"\" src=\"https:\/\/fundsandfilms.com\/wp-content\/uploads\/2025\/08\/IMG_1963-3-edited.jpeg\" data-object-fit=\"cover\" srcset=\"https:\/\/fundsandfilms.com\/wp-content\/uploads\/2025\/08\/IMG_1963-3-edited.jpeg 1822w, https:\/\/fundsandfilms.com\/wp-content\/uploads\/2025\/08\/IMG_1963-3-edited-300x169.jpeg 300w, https:\/\/fundsandfilms.com\/wp-content\/uploads\/2025\/08\/IMG_1963-3-edited-1024x576.jpeg 1024w, https:\/\/fundsandfilms.com\/wp-content\/uploads\/2025\/08\/IMG_1963-3-edited-768x432.jpeg 768w, https:\/\/fundsandfilms.com\/wp-content\/uploads\/2025\/08\/IMG_1963-3-edited-1536x864.jpeg 1536w\" sizes=\"auto, (max-width: 1822px) 100vw, 1822px\" \/><span aria-hidden=\"true\" class=\"wp-block-cover__background has-background-dim\"><\/span><div class=\"wp-block-cover__inner-container is-layout-flow wp-block-cover-is-layout-flow\">\n<p class=\"has-text-align-center has-large-font-size\"><strong>Noi Donne<\/strong><\/p>\n\n\n\n<p class=\"has-text-align-center\">Laura Gabay<\/p>\n<\/div><\/div>\n\n\n\n<div class=\"wp-block-cover\"><img loading=\"lazy\" decoding=\"async\" width=\"1024\" height=\"468\" class=\"wp-block-cover__image-background wp-image-160\" alt=\"\" src=\"https:\/\/fundsandfilms.com\/wp-content\/uploads\/2025\/08\/Chica-Still-09-2-1024x468.jpeg\" data-object-fit=\"cover\" srcset=\"https:\/\/fundsandfilms.com\/wp-content\/uploads\/2025\/08\/Chica-Still-09-2-1024x468.jpeg 1024w, https:\/\/fundsandfilms.com\/wp-content\/uploads\/2025\/08\/Chica-Still-09-2-300x137.jpeg 300w, https:\/\/fundsandfilms.com\/wp-content\/uploads\/2025\/08\/Chica-Still-09-2-768x351.jpeg 768w, https:\/\/fundsandfilms.com\/wp-content\/uploads\/2025\/08\/Chica-Still-09-2-1536x702.jpeg 1536w, https:\/\/fundsandfilms.com\/wp-content\/uploads\/2025\/08\/Chica-Still-09-2-2048x935.jpeg 2048w\" sizes=\"auto, (max-width: 1024px) 100vw, 1024px\" \/><span aria-hidden=\"true\" class=\"wp-block-cover__background has-background-dim\"><\/span><div class=\"wp-block-cover__inner-container is-layout-flow wp-block-cover-is-layout-flow\">\n<p class=\"has-text-align-center has-large-font-size\"><strong>Chica<\/strong><\/p>\n\n\n\n<p class=\"has-text-align-center\">Juan Yactayo<\/p>\n<\/div><\/div>","protected":false},"excerpt":{"rendered":"<p>Desde que estaba en la universidad ten\u00eda muchas dudas \u2013y frustraciones\u2013sobre c\u00f3mo hacer que los cortometrajes y pel\u00edculas realizadas en mi pa\u00eds fueran m\u00e1s conocidos por las personas que habit\u00e1bamos ese espacio-tiempo, sobre todo aquellas que no hab\u00edamos tenido la oportunidad de conocer pel\u00edculas diferentes a lo mainstream. Luego de afianzar mis estudios en circulaci\u00f3n [&hellip;]<\/p>","protected":false},"author":1,"featured_media":0,"parent":0,"menu_order":0,"comment_status":"closed","ping_status":"closed","template":"","meta":{"_monsterinsights_skip_tracking":false,"_monsterinsights_sitenote_active":false,"_monsterinsights_sitenote_note":"","_monsterinsights_sitenote_category":0,"footnotes":""},"class_list":["post-9","page","type-page","status-publish","hentry"],"_links":{"self":[{"href":"https:\/\/fundsandfilms.com\/en\/wp-json\/wp\/v2\/pages\/9","targetHints":{"allow":["GET"]}}],"collection":[{"href":"https:\/\/fundsandfilms.com\/en\/wp-json\/wp\/v2\/pages"}],"about":[{"href":"https:\/\/fundsandfilms.com\/en\/wp-json\/wp\/v2\/types\/page"}],"author":[{"embeddable":true,"href":"https:\/\/fundsandfilms.com\/en\/wp-json\/wp\/v2\/users\/1"}],"replies":[{"embeddable":true,"href":"https:\/\/fundsandfilms.com\/en\/wp-json\/wp\/v2\/comments?post=9"}],"version-history":[{"count":34,"href":"https:\/\/fundsandfilms.com\/en\/wp-json\/wp\/v2\/pages\/9\/revisions"}],"predecessor-version":[{"id":410,"href":"https:\/\/fundsandfilms.com\/en\/wp-json\/wp\/v2\/pages\/9\/revisions\/410"}],"wp:attachment":[{"href":"https:\/\/fundsandfilms.com\/en\/wp-json\/wp\/v2\/media?parent=9"}],"curies":[{"name":"wp","href":"https:\/\/api.w.org\/{rel}","templated":true}]}}