{"id":467,"date":"2025-08-05T18:52:21","date_gmt":"2025-08-05T18:52:21","guid":{"rendered":"https:\/\/fundsandfilms.com\/?page_id=467"},"modified":"2025-08-05T18:58:57","modified_gmt":"2025-08-05T18:58:57","slug":"blog","status":"publish","type":"page","link":"https:\/\/fundsandfilms.com\/en\/blog\/","title":{"rendered":"Blog"},"content":{"rendered":"<p>Here, in the future, you'll be able to find anecdotes about my visits to international festivals, meetings with filmmakers, and everyday life at work. The idea is to be a space to share interesting facts, discoveries, and contradictions in the world of cinema.<\/p>\n\n\n\n<figure class=\"wp-block-image size-large\"><img loading=\"lazy\" decoding=\"async\" width=\"1024\" height=\"576\" src=\"https:\/\/fundsandfilms.com\/wp-content\/uploads\/2025\/08\/474365613_10237263078024988_653056432245230984_n-1024x576.jpg\" alt=\"\" class=\"wp-image-469\" srcset=\"https:\/\/fundsandfilms.com\/wp-content\/uploads\/2025\/08\/474365613_10237263078024988_653056432245230984_n-1024x576.jpg 1024w, https:\/\/fundsandfilms.com\/wp-content\/uploads\/2025\/08\/474365613_10237263078024988_653056432245230984_n-300x169.jpg 300w, https:\/\/fundsandfilms.com\/wp-content\/uploads\/2025\/08\/474365613_10237263078024988_653056432245230984_n-768x432.jpg 768w, https:\/\/fundsandfilms.com\/wp-content\/uploads\/2025\/08\/474365613_10237263078024988_653056432245230984_n-1536x864.jpg 1536w, https:\/\/fundsandfilms.com\/wp-content\/uploads\/2025\/08\/474365613_10237263078024988_653056432245230984_n-18x10.jpg 18w, https:\/\/fundsandfilms.com\/wp-content\/uploads\/2025\/08\/474365613_10237263078024988_653056432245230984_n.jpg 2048w\" sizes=\"auto, (max-width: 1024px) 100vw, 1024px\" \/><\/figure>\n\n\n\n<p>I'll be at Locarno Film Festival from 7-11\/08! Let's meet :)<\/p>","protected":false},"excerpt":{"rendered":"<p>Aqu\u00ed, en el futuro, vas a poder encontrar algunas an\u00e9cdotas sobre visitas a festivales internacionales, reuniones con cineastas y el d\u00eda a d\u00eda. La idea es que sea un espacio para compartir algunos datos interesantes, descubrimientos y contradicciones en el mundo del cine. \u00a1Estar\u00e9 pr\u00f3ximamente en Locarno del 7-11\/08! Si est\u00e1s por ah\u00ed, \u00bfnos vemos? [&hellip;]<\/p>","protected":false},"author":1,"featured_media":0,"parent":0,"menu_order":0,"comment_status":"closed","ping_status":"closed","template":"","meta":{"_monsterinsights_skip_tracking":false,"_monsterinsights_sitenote_active":false,"_monsterinsights_sitenote_note":"","_monsterinsights_sitenote_category":0,"footnotes":""},"class_list":["post-467","page","type-page","status-publish","hentry"],"_links":{"self":[{"href":"https:\/\/fundsandfilms.com\/en\/wp-json\/wp\/v2\/pages\/467","targetHints":{"allow":["GET"]}}],"collection":[{"href":"https:\/\/fundsandfilms.com\/en\/wp-json\/wp\/v2\/pages"}],"about":[{"href":"https:\/\/fundsandfilms.com\/en\/wp-json\/wp\/v2\/types\/page"}],"author":[{"embeddable":true,"href":"https:\/\/fundsandfilms.com\/en\/wp-json\/wp\/v2\/users\/1"}],"replies":[{"embeddable":true,"href":"https:\/\/fundsandfilms.com\/en\/wp-json\/wp\/v2\/comments?post=467"}],"version-history":[{"count":3,"href":"https:\/\/fundsandfilms.com\/en\/wp-json\/wp\/v2\/pages\/467\/revisions"}],"predecessor-version":[{"id":473,"href":"https:\/\/fundsandfilms.com\/en\/wp-json\/wp\/v2\/pages\/467\/revisions\/473"}],"wp:attachment":[{"href":"https:\/\/fundsandfilms.com\/en\/wp-json\/wp\/v2\/media?parent=467"}],"curies":[{"name":"wp","href":"https:\/\/api.w.org\/{rel}","templated":true}]}}