{"id":203,"date":"2025-08-02T19:37:37","date_gmt":"2025-08-02T19:37:37","guid":{"rendered":"https:\/\/fundsandfilms.com\/?page_id=203"},"modified":"2025-08-05T18:37:21","modified_gmt":"2025-08-05T18:37:21","slug":"la-lima-que-se-va","status":"publish","type":"page","link":"https:\/\/fundsandfilms.com\/en\/la-lima-que-se-va\/","title":{"rendered":"The city that goes away"},"content":{"rendered":"<figure class=\"wp-block-image size-large is-resized\"><img loading=\"lazy\" decoding=\"async\" width=\"1024\" height=\"766\" src=\"https:\/\/fundsandfilms.com\/wp-content\/uploads\/2025\/08\/IMG_2472-5-1024x766.jpeg\" alt=\"\" class=\"wp-image-204\" style=\"width:874px;height:auto\" srcset=\"https:\/\/fundsandfilms.com\/wp-content\/uploads\/2025\/08\/IMG_2472-5-1024x766.jpeg 1024w, https:\/\/fundsandfilms.com\/wp-content\/uploads\/2025\/08\/IMG_2472-5-300x224.jpeg 300w, https:\/\/fundsandfilms.com\/wp-content\/uploads\/2025\/08\/IMG_2472-5-768x575.jpeg 768w, https:\/\/fundsandfilms.com\/wp-content\/uploads\/2025\/08\/IMG_2472-5-1536x1149.jpeg 1536w, https:\/\/fundsandfilms.com\/wp-content\/uploads\/2025\/08\/IMG_2472-5.jpeg 1621w\" sizes=\"auto, (max-width: 1024px) 100vw, 1024px\" \/><\/figure>\n\n\n\n<p>Non-fiction feature film (debut)<\/p>\n\n\n\n<p>Director: Juan Yactayo Sono<\/p>\n\n\n\n<p>Producer: Diego D\u00edaz Mecca<\/p>\n\n\n\n<p>Production country: Peru<\/p>\n\n\n\n<p>Production company: JYS Estudio Creativo<\/p>\n\n\n\n<p><strong>Synopsis: Testimonies, fiction, and archival footage intertwine to explore the journey of a generation of LGBTIQ+ individuals searching for their place in the hostile Lima of the 1980s and 1990s. In a context marked by the emergence of HIV, sociopolitical unrest, and the \u201csocial cleansing\u201d agenda of terrorism, this documentary rewrites collective memory, highlighting the resilience and lived experiences of a generation before it vanishes.&nbsp;<\/strong>Testimonios, ficci\u00f3n y material de archivo se entrelazan para explorar el recorrido de una generaci\u00f3n de personas LGBTIQ+ en busca de su lugar en la hostil Lima de los a\u00f1os 80 y 90. En un contexto marcado por la aparici\u00f3n del VIH, la agitaci\u00f3n sociopol\u00edtica y la agenda de \u201climpieza social\u201d del terrorismo, este documental reescribe la &nbsp;memoria colectiva, destacando la resiliencia y las experiencias de una generaci\u00f3n antes de que desaparezca.&nbsp;<br><\/p>\n\n\n\n<p><strong>Foros y Laboratorios:<\/strong><\/p>\n\n\n\n<ul class=\"wp-block-list\">\n<li>Mentorship program - Training School LGBTI EMPODERA - Peru, September 2022<\/li>\n\n\n\n<li>II Hanan Lab - Hanan Cine Puno Festival - Peru, November 2023<\/li>\n\n\n\n<li>19\u00ba International Producers Meeting - Colombia, April 2024<\/li>\n\n\n\n<li>13\u00b0 SANFIC INDUSTRY \/ Santiago Lab \u2013 Chile, August 2024<\/li>\n\n\n\n<li>28 \u00b0 FAM 2024\/Negocia Lab \u2013 MERCOSUR Coproduction Meeting  \u2013 Brasil, September 2024&nbsp;<\/li>\n\n\n\n<li>FIDBA \/ LINK 2025 \u00a0\u2013 Argentina, October 2024&nbsp;<\/li>\n\n\n\n<li>Latam Content Meeting 2025 \u00a0\u2013 Brasil, February 2025<\/li>\n<\/ul>\n\n\n\n<p><b><strong>Biofilmographies<\/strong><\/b><\/p>\n\n\n\n<div class=\"wp-block-media-text is-stacked-on-mobile\" style=\"grid-template-columns:34% auto\"><figure class=\"wp-block-media-text__media\"><img loading=\"lazy\" decoding=\"async\" width=\"800\" height=\"800\" src=\"https:\/\/fundsandfilms.com\/wp-content\/uploads\/2025\/08\/2.png\" alt=\"\" class=\"wp-image-454 size-full\" srcset=\"https:\/\/fundsandfilms.com\/wp-content\/uploads\/2025\/08\/2.png 800w, https:\/\/fundsandfilms.com\/wp-content\/uploads\/2025\/08\/2-300x300.png 300w, https:\/\/fundsandfilms.com\/wp-content\/uploads\/2025\/08\/2-150x150.png 150w, https:\/\/fundsandfilms.com\/wp-content\/uploads\/2025\/08\/2-768x768.png 768w, https:\/\/fundsandfilms.com\/wp-content\/uploads\/2025\/08\/2-12x12.png 12w\" sizes=\"auto, (max-width: 800px) 100vw, 800px\" \/><\/figure><div class=\"wp-block-media-text__content\">\n<p>Director, producer, photographer, and LGBTIQ+ activist. His work explores themes of identity and sexuality through a critical lens on the social context.<\/p>\n<\/div><\/div>\n\n\n\n<p>Since 2022, he has been teaching documentary project development at the university level. He has participated as a photographer in exhibitions in Lima, S\u00e3o Paulo, Spain, and the Malm\u00f6 Biennale in Sweden. In 2017, he published Coto de Caza, his first photobook. As a director, he has made the short films Juan Alberto (2018) and Chica (2023), both awarded by the Ministry of Culture of Peru and screened at national and international festivals. He is currently developing his first feature-length documentary, La Lima que se va, through his production company JYS Estudio Creativo.<\/p>\n\n\n\n<div class=\"wp-block-media-text is-stacked-on-mobile\" style=\"grid-template-columns:32% auto\"><figure class=\"wp-block-media-text__media\"><img loading=\"lazy\" decoding=\"async\" width=\"800\" height=\"800\" src=\"https:\/\/fundsandfilms.com\/wp-content\/uploads\/2025\/08\/1.png\" alt=\"\" class=\"wp-image-455 size-full\" srcset=\"https:\/\/fundsandfilms.com\/wp-content\/uploads\/2025\/08\/1.png 800w, https:\/\/fundsandfilms.com\/wp-content\/uploads\/2025\/08\/1-300x300.png 300w, https:\/\/fundsandfilms.com\/wp-content\/uploads\/2025\/08\/1-150x150.png 150w, https:\/\/fundsandfilms.com\/wp-content\/uploads\/2025\/08\/1-768x768.png 768w, https:\/\/fundsandfilms.com\/wp-content\/uploads\/2025\/08\/1-12x12.png 12w\" sizes=\"auto, (max-width: 800px) 100vw, 800px\" \/><\/figure><div class=\"wp-block-media-text__content\">\n<p>Producer focused on cultural content, with experience in film and television.<\/p>\n<\/div><\/div>\n\n\n\n<p>He began as second assistant director on Amigos en Apuros (2018), and between 2019 and 2023, he worked on the production of television programs such as Aut\u00e9nticas, \u00bfC\u00f3mo Somos los Peruanos?, and Teatro en Grande, the latter nominated for the Luces Awards. In 2023, he returned to film as head of production on La Sociedad Prometida (2025) by Paola Molina and Chica (2023) by Juan Yactayo, both projects awarded funds by the Ministry of Culture of Peru. He is currently developing film projects and works as a university lecturer.<\/p>\n\n\n\n<p><\/p>\n\n\n\n<p><\/p>","protected":false},"excerpt":{"rendered":"<p>Largometraje de no ficci\u00f3n Direcci\u00f3n: Juan Yactayo Sono Productor: Diego D\u00edaz Mecca Pa\u00eds productor: Per\u00fa Empresa productora: JYS Estudio Creativo Sinopsis:&nbsp;Testimonios, ficci\u00f3n y material de archivo se entrelazan para explorar el recorrido de una generaci\u00f3n de personas LGBTIQ+ en busca de su lugar en la hostil Lima de los a\u00f1os 80 y 90. En un [&hellip;]<\/p>","protected":false},"author":1,"featured_media":204,"parent":0,"menu_order":0,"comment_status":"closed","ping_status":"closed","template":"","meta":{"_monsterinsights_skip_tracking":false,"_monsterinsights_sitenote_active":false,"_monsterinsights_sitenote_note":"","_monsterinsights_sitenote_category":0,"footnotes":""},"class_list":["post-203","page","type-page","status-publish","has-post-thumbnail","hentry"],"_links":{"self":[{"href":"https:\/\/fundsandfilms.com\/en\/wp-json\/wp\/v2\/pages\/203","targetHints":{"allow":["GET"]}}],"collection":[{"href":"https:\/\/fundsandfilms.com\/en\/wp-json\/wp\/v2\/pages"}],"about":[{"href":"https:\/\/fundsandfilms.com\/en\/wp-json\/wp\/v2\/types\/page"}],"author":[{"embeddable":true,"href":"https:\/\/fundsandfilms.com\/en\/wp-json\/wp\/v2\/users\/1"}],"replies":[{"embeddable":true,"href":"https:\/\/fundsandfilms.com\/en\/wp-json\/wp\/v2\/comments?post=203"}],"version-history":[{"count":19,"href":"https:\/\/fundsandfilms.com\/en\/wp-json\/wp\/v2\/pages\/203\/revisions"}],"predecessor-version":[{"id":465,"href":"https:\/\/fundsandfilms.com\/en\/wp-json\/wp\/v2\/pages\/203\/revisions\/465"}],"wp:featuredmedia":[{"embeddable":true,"href":"https:\/\/fundsandfilms.com\/en\/wp-json\/wp\/v2\/media\/204"}],"wp:attachment":[{"href":"https:\/\/fundsandfilms.com\/en\/wp-json\/wp\/v2\/media?parent=203"}],"curies":[{"name":"wp","href":"https:\/\/api.w.org\/{rel}","templated":true}]}}