{"id":189,"date":"2025-08-02T19:11:43","date_gmt":"2025-08-02T19:11:43","guid":{"rendered":"https:\/\/fundsandfilms.com\/?page_id=189"},"modified":"2025-08-05T22:29:10","modified_gmt":"2025-08-05T22:29:10","slug":"las-escondidas","status":"publish","type":"page","link":"https:\/\/fundsandfilms.com\/en\/las-escondidas\/","title":{"rendered":"Las escondidas"},"content":{"rendered":"<figure class=\"wp-block-image size-large is-resized\"><img loading=\"lazy\" decoding=\"async\" width=\"1024\" height=\"491\" src=\"https:\/\/fundsandfilms.com\/wp-content\/uploads\/2025\/08\/IMG_2470-5-1024x491.jpeg\" alt=\"\" class=\"wp-image-191\" style=\"width:1382px;height:auto\" srcset=\"https:\/\/fundsandfilms.com\/wp-content\/uploads\/2025\/08\/IMG_2470-5-1024x491.jpeg 1024w, https:\/\/fundsandfilms.com\/wp-content\/uploads\/2025\/08\/IMG_2470-5-300x144.jpeg 300w, https:\/\/fundsandfilms.com\/wp-content\/uploads\/2025\/08\/IMG_2470-5-768x368.jpeg 768w, https:\/\/fundsandfilms.com\/wp-content\/uploads\/2025\/08\/IMG_2470-5-1536x737.jpeg 1536w, https:\/\/fundsandfilms.com\/wp-content\/uploads\/2025\/08\/IMG_2470-5-2048x982.jpeg 2048w\" sizes=\"auto, (max-width: 1024px) 100vw, 1024px\" \/><\/figure>\n\n\n\n<p>Fiction feature film (debut)<\/p>\n\n\n\n<p>Director: Daniela Goto<\/p>\n\n\n\n<p>Script writer: Yazm\u00edn Trujillo<\/p>\n\n\n\n<p>Production country: Peru<\/p>\n\n\n\n<p>Production company: Ratona de Praga Films<\/p>\n\n\n\n<p>Synopsis: An 11-year-old boy begins to show symptoms of a hereditary blindness. During a family celebration, he discovers that his older sister has suffered a sexual assault. This event will lead him to uncover secrets in his surroundings and to rediscover the male figures around him.<\/p>\n\n\n\n<p>Development labs:<\/p>\n\n\n\n<ul class=\"wp-block-list\">\n<li>XII Taller internacional de guion Bolivia LAB (2024)<\/li>\n\n\n\n<li>Icaro Market (Guatemala, 2024)<\/li>\n\n\n\n<li>Encuentros Bio Bio Cine (Chile, 2025)<\/li>\n\n\n\n<li>M\u00e1laga Talents (Espa\u00f1a, 2025)<\/li>\n\n\n\n<li>Curso de Desarrollo de Proyectos Audiovisuales Iberoamericanos (Espa\u00f1a, 2025)<\/li>\n<\/ul>\n\n\n\n<p><strong><b>Biofilmographi<\/b>es<\/strong><\/p>\n\n\n\n<div class=\"wp-block-media-text is-stacked-on-mobile\" style=\"grid-template-columns:36% auto\"><figure class=\"wp-block-media-text__media\"><img loading=\"lazy\" decoding=\"async\" width=\"800\" height=\"800\" src=\"https:\/\/fundsandfilms.com\/wp-content\/uploads\/2025\/08\/5.png\" alt=\"\" class=\"wp-image-447 size-full\" srcset=\"https:\/\/fundsandfilms.com\/wp-content\/uploads\/2025\/08\/5.png 800w, https:\/\/fundsandfilms.com\/wp-content\/uploads\/2025\/08\/5-300x300.png 300w, https:\/\/fundsandfilms.com\/wp-content\/uploads\/2025\/08\/5-150x150.png 150w, https:\/\/fundsandfilms.com\/wp-content\/uploads\/2025\/08\/5-768x768.png 768w, https:\/\/fundsandfilms.com\/wp-content\/uploads\/2025\/08\/5-12x12.png 12w\" sizes=\"auto, (max-width: 800px) 100vw, 800px\" \/><\/figure><div class=\"wp-block-media-text__content\">\n<p><strong>Daniela Goto<\/strong><br>Peruvian director and researcher with a Master\u2019s degree in Directing and Staging from ECIB, as well as a Master's degree in Contemporary Film and Audiovisual Studies from UPF<\/p>\n<\/div><\/div>\n\n\n\n<p>Her short film Soy has been screened at festivals in Lima, Madrid, Bogot\u00e1, and Rio de Janeiro. Her academic and artistic interests revolve around identity, family, and the sense of belonging.<\/p>\n\n\n\n<p>She is currently developing her first feature film, Las escondidas, to be produced in Peru, while her latest fiction short, Autorretrato, has begun its festival circuit, including the M\u00e1laga Short Corner at MAFIZ. Participant of M\u00e1laga Talent 2025.<\/p>\n\n\n\n<div class=\"wp-block-media-text is-stacked-on-mobile\" style=\"grid-template-columns:39% auto\"><figure class=\"wp-block-media-text__media\"><img loading=\"lazy\" decoding=\"async\" width=\"800\" height=\"800\" src=\"https:\/\/fundsandfilms.com\/wp-content\/uploads\/2025\/08\/6.png\" alt=\"\" class=\"wp-image-448 size-full\" srcset=\"https:\/\/fundsandfilms.com\/wp-content\/uploads\/2025\/08\/6.png 800w, https:\/\/fundsandfilms.com\/wp-content\/uploads\/2025\/08\/6-300x300.png 300w, https:\/\/fundsandfilms.com\/wp-content\/uploads\/2025\/08\/6-150x150.png 150w, https:\/\/fundsandfilms.com\/wp-content\/uploads\/2025\/08\/6-768x768.png 768w, https:\/\/fundsandfilms.com\/wp-content\/uploads\/2025\/08\/6-12x12.png 12w\" sizes=\"auto, (max-width: 800px) 100vw, 800px\" \/><\/figure><div class=\"wp-block-media-text__content\">\n<p><strong>Yazm\u00edn Trujillo<\/strong><\/p>\n\n\n\n<p>Graduate in Audiovisual Communication from PUCP, with a Master's in Fiction Screenwriting for Film and Television, and a Master's in Film Editing from ESCAC.<\/p>\n<\/div><\/div>\n\n\n\n<p>In 2022, her script project Las Escondidas received a development grant from the Ministry of Culture of Peru and was also selected to participate in the Screenwriting Development Workshop organized by the Ministry. She had previously participated in two editions of this workshop with other feature film scripts she has been developing. She currently works as an editor and script supervisor.<\/p>","protected":false},"excerpt":{"rendered":"<p>Largometraje de ficci\u00f3n Direcci\u00f3n: Daniela Goto Guionista: Yazm\u00edn Trujillo Pa\u00eds de producci\u00f3n: Per\u00fa Empresa: Ratona de Praga Films Sinopsis: Un ni\u00f1o de 11 a\u00f1os empieza a manifestar los s\u00edntomas de una ceguera hereditaria. Durante una celebraci\u00f3n familiar, descubre que su hermana mayor ha sufrido una agresi\u00f3n sexual. Aquel hecho lo llevar\u00e1 a develar secretos de [&hellip;]<\/p>","protected":false},"author":1,"featured_media":0,"parent":0,"menu_order":0,"comment_status":"closed","ping_status":"closed","template":"","meta":{"_monsterinsights_skip_tracking":false,"_monsterinsights_sitenote_active":false,"_monsterinsights_sitenote_note":"","_monsterinsights_sitenote_category":0,"footnotes":""},"class_list":["post-189","page","type-page","status-publish","hentry"],"_links":{"self":[{"href":"https:\/\/fundsandfilms.com\/en\/wp-json\/wp\/v2\/pages\/189","targetHints":{"allow":["GET"]}}],"collection":[{"href":"https:\/\/fundsandfilms.com\/en\/wp-json\/wp\/v2\/pages"}],"about":[{"href":"https:\/\/fundsandfilms.com\/en\/wp-json\/wp\/v2\/types\/page"}],"author":[{"embeddable":true,"href":"https:\/\/fundsandfilms.com\/en\/wp-json\/wp\/v2\/users\/1"}],"replies":[{"embeddable":true,"href":"https:\/\/fundsandfilms.com\/en\/wp-json\/wp\/v2\/comments?post=189"}],"version-history":[{"count":14,"href":"https:\/\/fundsandfilms.com\/en\/wp-json\/wp\/v2\/pages\/189\/revisions"}],"predecessor-version":[{"id":497,"href":"https:\/\/fundsandfilms.com\/en\/wp-json\/wp\/v2\/pages\/189\/revisions\/497"}],"wp:attachment":[{"href":"https:\/\/fundsandfilms.com\/en\/wp-json\/wp\/v2\/media?parent=189"}],"curies":[{"name":"wp","href":"https:\/\/api.w.org\/{rel}","templated":true}]}}