{"id":11,"date":"2025-08-02T12:07:17","date_gmt":"2025-08-02T12:07:17","guid":{"rendered":"https:\/\/fundsandfilms.com\/acerca-de\/"},"modified":"2025-08-05T07:30:39","modified_gmt":"2025-08-05T07:30:39","slug":"acerca-de","status":"publish","type":"page","link":"https:\/\/fundsandfilms.com\/en\/acerca-de\/","title":{"rendered":"About"},"content":{"rendered":"<div class=\"wp-block-media-text is-stacked-on-mobile\" style=\"grid-template-columns:41% auto\"><figure class=\"wp-block-media-text__media\"><img loading=\"lazy\" decoding=\"async\" width=\"800\" height=\"800\" src=\"https:\/\/fundsandfilms.com\/wp-content\/uploads\/2025\/08\/Sin-titulo-800-x-800-px.png\" alt=\"\" class=\"wp-image-100 size-full\" srcset=\"https:\/\/fundsandfilms.com\/wp-content\/uploads\/2025\/08\/Sin-titulo-800-x-800-px.png 800w, https:\/\/fundsandfilms.com\/wp-content\/uploads\/2025\/08\/Sin-titulo-800-x-800-px-300x300.png 300w, https:\/\/fundsandfilms.com\/wp-content\/uploads\/2025\/08\/Sin-titulo-800-x-800-px-150x150.png 150w, https:\/\/fundsandfilms.com\/wp-content\/uploads\/2025\/08\/Sin-titulo-800-x-800-px-768x768.png 768w\" sizes=\"auto, (max-width: 800px) 100vw, 800px\" \/><\/figure><div class=\"wp-block-media-text__content\">\n<p class=\"has-text-align-center\">Hi! <br>I'm Andrea De la Torre Perleche <br>Distributor, researcher and programmer.<\/p>\n<\/div><\/div>\n\n\n\n<p>In 2023, I created Funds&amp;Films to connect Latin American films with international funding and distribution opportunities.<\/p>\n\n\n\n<p>I provide personalized consulting for emerging filmmakers who aim to showcase their films on the international circuit.<\/p>\n\n\n\n<p>My priority is to support them in finding new pathways for the exhibition of their films.\nAnd my commitment is to help make the film ecosystem a more accessible, equitable, and transparent space for the next generation of storytellers.<\/p>\n\n\n\n<p><\/p>","protected":false},"excerpt":{"rendered":"<p>\u00a1Hola! Soy Andrea De la Torre Perleche. Distribuidora, investigadora y programadora. En 2023 cre\u00e9 Funds&amp;Films para acercar oportunidades internacionales de financiamiento y circulaci\u00f3n a las pel\u00edculas latinoamericanas. Me dedico a dar consultor\u00edas personalizadas para cineastas emergentes que tengan por objetivo mostrar sus pel\u00edculas en el circuito internacional. Mi prioridad es que, con la ayuda de [&hellip;]<\/p>","protected":false},"author":1,"featured_media":0,"parent":0,"menu_order":0,"comment_status":"closed","ping_status":"closed","template":"","meta":{"_monsterinsights_skip_tracking":false,"_monsterinsights_sitenote_active":false,"_monsterinsights_sitenote_note":"","_monsterinsights_sitenote_category":0,"footnotes":""},"class_list":["post-11","page","type-page","status-publish","hentry"],"_links":{"self":[{"href":"https:\/\/fundsandfilms.com\/en\/wp-json\/wp\/v2\/pages\/11","targetHints":{"allow":["GET"]}}],"collection":[{"href":"https:\/\/fundsandfilms.com\/en\/wp-json\/wp\/v2\/pages"}],"about":[{"href":"https:\/\/fundsandfilms.com\/en\/wp-json\/wp\/v2\/types\/page"}],"author":[{"embeddable":true,"href":"https:\/\/fundsandfilms.com\/en\/wp-json\/wp\/v2\/users\/1"}],"replies":[{"embeddable":true,"href":"https:\/\/fundsandfilms.com\/en\/wp-json\/wp\/v2\/comments?post=11"}],"version-history":[{"count":18,"href":"https:\/\/fundsandfilms.com\/en\/wp-json\/wp\/v2\/pages\/11\/revisions"}],"predecessor-version":[{"id":408,"href":"https:\/\/fundsandfilms.com\/en\/wp-json\/wp\/v2\/pages\/11\/revisions\/408"}],"wp:attachment":[{"href":"https:\/\/fundsandfilms.com\/en\/wp-json\/wp\/v2\/media?parent=11"}],"curies":[{"name":"wp","href":"https:\/\/api.w.org\/{rel}","templated":true}]}}