{"id":10,"date":"2025-08-02T12:07:07","date_gmt":"2025-08-02T12:07:07","guid":{"rendered":"https:\/\/fundsandfilms.com\/reflexiones\/"},"modified":"2025-08-02T20:06:33","modified_gmt":"2025-08-02T20:06:33","slug":"reflexiones","status":"publish","type":"page","link":"https:\/\/fundsandfilms.com\/en\/reflexiones\/","title":{"rendered":"Insights"},"content":{"rendered":"<p>Part of my work in distribution is closely tied to research, and over the past four years I\u2019ve been able to delve into how Peruvian films are circulating around the world.<\/p>\n\n\n\n<p>I firmly believe that research is a way to democratize information and bring opportunities closer to initiatives that are still in their early stages.<\/p>\n\n\n\n<p>Since 2022, I have published the following works:<\/p>\n\n\n\n<ul class=\"wp-block-list\">\n<li><a href=\"https:\/\/comunicainvestigalab.com\/?revistas=aproximaciones-a-la-distribucion-de-operas-primas-de-ficcion-peruanas-2013-2019-approaches-to-the-distribution-of-peruvian-first-feature-films2013-2019\" target=\"_blank\" rel=\"noopener\" title=\"\">Approaches to the Distribution of Peruvian Fiction Debut Features (2013\u20132019)<\/a><\/li>\n\n\n\n<li><a href=\"https:\/\/www.zine-eskola.eus\/es\/p\/eskola\/0024-hipotesis#hipotesis-4\" target=\"_blank\" rel=\"noopener\" title=\"\">Circulation of Peruvian Fiction Debut Features in European Festivals (2013\u20132023)<\/a><\/li>\n\n\n\n<li><a href=\"https:\/\/observatoriocinesperu.org\/wp-content\/uploads\/2025\/07\/memoria-cines-peruanos-2024.pdf\" target=\"_blank\" rel=\"noopener\" title=\"\">2024 Report on Peruvian Cinemas<\/a><\/li>\n<\/ul>\n\n\n\n<p>At the moment, I\u2019m exploring alternative exhibition circuits in Peru and developing a working methodology to expand the research across Latin America.<\/p>","protected":false},"excerpt":{"rendered":"<p>Parte de mi trabajo en distribuci\u00f3n est\u00e1 muy vinculado a la investigaci\u00f3n y en los \u00faltimos 4 a\u00f1os he podido profundizar en c\u00f3mo est\u00e1n circulando las pel\u00edculas peruanas en el mundo. Creo firmemente que investigar es una manera de democratizar la informaci\u00f3n y una manera de acercar las oportunidades a iniciativas que est\u00e1n en fase [&hellip;]<\/p>","protected":false},"author":1,"featured_media":0,"parent":0,"menu_order":0,"comment_status":"closed","ping_status":"closed","template":"","meta":{"_monsterinsights_skip_tracking":false,"_monsterinsights_sitenote_active":false,"_monsterinsights_sitenote_note":"","_monsterinsights_sitenote_category":0,"footnotes":""},"class_list":["post-10","page","type-page","status-publish","hentry"],"_links":{"self":[{"href":"https:\/\/fundsandfilms.com\/en\/wp-json\/wp\/v2\/pages\/10","targetHints":{"allow":["GET"]}}],"collection":[{"href":"https:\/\/fundsandfilms.com\/en\/wp-json\/wp\/v2\/pages"}],"about":[{"href":"https:\/\/fundsandfilms.com\/en\/wp-json\/wp\/v2\/types\/page"}],"author":[{"embeddable":true,"href":"https:\/\/fundsandfilms.com\/en\/wp-json\/wp\/v2\/users\/1"}],"replies":[{"embeddable":true,"href":"https:\/\/fundsandfilms.com\/en\/wp-json\/wp\/v2\/comments?post=10"}],"version-history":[{"count":5,"href":"https:\/\/fundsandfilms.com\/en\/wp-json\/wp\/v2\/pages\/10\/revisions"}],"predecessor-version":[{"id":228,"href":"https:\/\/fundsandfilms.com\/en\/wp-json\/wp\/v2\/pages\/10\/revisions\/228"}],"wp:attachment":[{"href":"https:\/\/fundsandfilms.com\/en\/wp-json\/wp\/v2\/media?parent=10"}],"curies":[{"name":"wp","href":"https:\/\/api.w.org\/{rel}","templated":true}]}}